{"id":133,"date":"2021-01-26T15:35:37","date_gmt":"2021-01-26T14:35:37","guid":{"rendered":"https:\/\/placeplume.com\/?page_id=133"},"modified":"2021-01-26T15:35:38","modified_gmt":"2021-01-26T14:35:38","slug":"mentions-legales","status":"publish","type":"page","link":"https:\/\/placeplume.com\/index.php\/mentions-legales\/","title":{"rendered":"Mentions l\u00e9gales"},"content":{"rendered":"\n<p class=\"has-text-align-center\">Conform\u00e9ment aux dispositions des Articles 6-III et 19 de la Loi n\u00b02004-575 du 21 juin 2004 pour la Confiance dans l\u2019\u00e9conomie num\u00e9rique, dite L.C.E.N., il est port\u00e9 \u00e0 la connaissance des Utilisateurs du site <a href=\"http:\/\/www.placeplume.com\">www.placeplume.com<\/a> les pr\u00e9sentes mentions l\u00e9gales<\/p>\n\n\n\n<p class=\"has-text-align-left\"><strong>Pr\u00e9sentation du site<\/strong><\/p>\n\n\n\n<p class=\"has-normal-font-size\"><strong>L\u2019\u00e9dition <\/strong> est assur\u00e9e par Cl\u00e9mence Arnault, sauf mention contraire.\u00a0<\/p>\n\n\n\n<p class=\"has-normal-font-size\"><strong>L\u2019h\u00e9bergeur du site <\/strong><a href=\"http:\/\/www.placeplume.com\">www.placeplume.com<\/a> est la Soci\u00e9t\u00e9 OVH, dont le si\u00e8ge social est situ\u00e9 au : 2 rue Kellermann, 59100 \u00e0 Roubaix (France).<\/p>\n\n\n\n<p class=\"has-normal-font-size\">Les statistiques relatives au trafic sur le site sont collect\u00e9es par Google Analytics, service de la soci\u00e9t\u00e9 Google Inc. dont le si\u00e8ge social se situe au Mountain View ca 94043 &#8211; 99000, 2400 Bayshore Parkway. <\/p>\n\n\n\n<p class=\"has-normal-font-size\">L\u2019utilisation du site <a href=\"http:\/\/www.placeplume.com\">www.placeplume.com<\/a>\u00a0 implique l\u2019acceptation pleine et enti\u00e8re des conditions g\u00e9n\u00e9rales d\u2019utilisation ci-apr\u00e8s d\u00e9crites. Ces conditions d\u2019utilisation sont susceptibles d\u2019\u00eatre modifi\u00e9es ou compl\u00e9t\u00e9es \u00e0 tout moment, les utilisateurs du site <a href=\"http:\/\/www.placeplume.com\">www.placeplume.com<\/a> sont donc invit\u00e9s \u00e0 les consulter de mani\u00e8re r\u00e9guli\u00e8re.<\/p>\n\n\n\n<p><strong>Acc\u00e8s au site et validit\u00e9 de l\u2019information<\/strong><\/p>\n\n\n\n<p>Le site est normalement accessible \u00e0 tout moment et par tout endroit aux utilisateurs, sauf cas de force majeure, interruption programm\u00e9e ou non et\/ou pouvant d\u00e9couler d\u2019une maintenance.\u00a0<\/p>\n\n\n\n<p>Le site <a href=\"http:\/\/www.placeplume.com\">www.placeplume.com<\/a> est mis \u00e0 jour r\u00e9guli\u00e8rement et peut-\u00eatre modifi\u00e9 sans pr\u00e9avis.\u00a0Il ne saurait \u00eatre consid\u00e9r\u00e9 comme complet ou d\u00e9finitif.<\/p>\n\n\n\n<p>L\u2019\u00e9diteur s\u2019efforce de fournir des informations aussi pr\u00e9cises que possible. Toutefois, il ne pourra \u00eatre tenu responsable des omissions, des inexactitudes et des carences dans la mise \u00e0 jour, qu\u2019elles soient de son fait ou du fait de tiers partenaires.<\/p>\n\n\n\n<p>Les renseignements que renferme ce site sont fournis \u00e0 des fins d\u2019information g\u00e9n\u00e9rale et, sauf indication contraire, il convient d\u2019en confirmer l\u2019exactitude ou la fiabilit\u00e9 par une v\u00e9rification ind\u00e9pendante. Toutes les informations indiqu\u00e9es sur le site <a href=\"http:\/\/www.placeplume.com\">www.placeplume.com<\/a> sont donn\u00e9es \u00e0 titre indicatif, et sont donc susceptibles d\u2019\u00e9voluer.\u00a0<\/p>\n\n\n\n<p>Le site <a href=\"http:\/\/www.placeplume.com\">www.placeplume.com<\/a> et ses \u00e9diteurs ne peuvent \u00eatre tenus pour responsables de quelque pr\u00e9judice r\u00e9sultant de l\u2019acc\u00e8s ou du non acc\u00e8s \u00e0 ce site web, de l\u2019utilisation de son contenu, de la fiabilit\u00e9 du site et de son contenu.\u00a0<\/p>\n\n\n\n<p>Le site <a href=\"http:\/\/www.placeplume.com\">www.placeplume.com<\/a> et ses \u00e9diteurs ne pourront \u00eatre tenus responsables de dommages directs ou indirects caus\u00e9s au mat\u00e9riels de l&#8217;utilisateur, lors de l&#8217;acc\u00e8s au site, de son utilisation. L\u2019utilisateur du site s\u2019engage \u00e0 acc\u00e9der au site en utilisant un mat\u00e9riel appropri\u00e9, ne contenant pas de virus et avec un navigateur mis-\u00e0-jour. <\/p>\n\n\n\n<p><strong>Protection et traitement des donn\u00e9es personnelles<\/strong><\/p>\n\n\n\n<p>Le site <a href=\"http:\/\/www.placeplume.com\">www.placeplume.com<\/a> respecte la vie priv\u00e9e de l\u2019internaute et se conforme aux lois en vigueur sur la protection de la vie priv\u00e9e et des libert\u00e9s individuelles.\u00a0<\/p>\n\n\n\n<p>N\u00e9anmoins, des informations personnelles peuvent \u00eatre collect\u00e9es :<\/p>\n\n\n\n<ul class=\"wp-block-list\"><li>Quand vous postez un commentaire : le site m\u00e9morise votre adresse e-mail, le nom ou pseudonyme ainsi que votre adresse IP\u00a0<\/li><li>Quand vous envoyez un message via le formulaire de contact : le site m\u00e9morise votre adresse e-mail, le nom ou pseudonyme que vous indiquez ainsi que votre adresse IP<\/li><li>Quand vous demandez \u00e0 \u00eatre pr\u00e9venu par mail : le site m\u00e9morise votre adresse e-mail et votre choix de notification<\/li><li>Lorsque vous naviguez sur le site, car <a href=\"http:\/\/www.placeplume.com\">www.placeplume.com<\/a> utilise l\u2019outil de statistiques Google Analytics pour collecter des informations anonymes sur votre navigation<\/li><li>Quand vous vous inscrivez \u00e0 la newsletter : le site collecte votre adresse e-mail et votre pr\u00e9nom ou pseudonyme <\/li><\/ul>\n\n\n\n<p>Toutes les informations que vous envoyez explicitement via le site sont stock\u00e9es sur les serveurs s\u00e9curis\u00e9s de l\u2019h\u00e9bergeur dont les coordonn\u00e9es figurent en d\u00e9but de page.<\/p>\n\n\n\n<p>Le site poss\u00e8de \u00e9galement un certificat SSL (navigation en HTTPS) et <a href=\"http:\/\/www.placeplume.com\">www.placeplume.com<\/a> prend toutes les mesures possibles pour assurer la s\u00e9curit\u00e9 du site et donc des donn\u00e9es qui y sont conserv\u00e9es.<\/p>\n\n\n\n<p>Quand vous transmettez une information en utilisant un formulaire, l\u2019\u00e9diteur du site en est le seul destinataire. Ces donn\u00e9es personnelles ne seront en aucun cas revendues \u00e0 des tiers et sont utilis\u00e9es exclusivement pour la finalit\u00e9 initialement pr\u00e9vue.<\/p>\n\n\n\n<p>Les donn\u00e9es personnelles collect\u00e9es par Google Analytics sont conserv\u00e9es pour une dur\u00e9e maximale de 26 mois. Les donn\u00e9es collect\u00e9es par la newsletter sont conserv\u00e9es pendant toute la dur\u00e9e de votre abonnement \u00e0 la newsletter et un lien de d\u00e9sabonnement figure dans chaque email que vous recevez. Les donn\u00e9es figurant dans les commentaires sont conserv\u00e9es tout au long de la vie du site <a href=\"http:\/\/www.placeplume.com\">www.placeplume.com<\/a>. Enfin, les donn\u00e9es envoy\u00e9es via le formulaire de contact sont conserv\u00e9es pendant un an, le temps de vous apporter une r\u00e9ponse et pour garder un historique des \u00e9changes si n\u00e9cessaire.<\/p>\n\n\n\n<p>Conform\u00e9ment aux dispositions de la loi fran\u00e7aise n\u00b078-17 du 6 janvier 1978 relative \u00e0 l\u2019informatique, aux fichiers et aux libert\u00e9s, les internautes disposent d\u2019un droit d\u2019acc\u00e8s, de modification, de rectification et de suppression des donn\u00e9es qui les concernent. Vous pouvez exercer ce droit par le biais du formulaire de contact du site.\u00a0<\/p>\n\n\n\n<p><strong>Propri\u00e9t\u00e9 intellectuelle<\/strong><\/p>\n\n\n\n<p>L\u2019ensemble des \u00e9l\u00e9ments accessibles sur le site, notamment les textes, images, graphismes, logo, ic\u00f4nes, logiciels, t\u00e9l\u00e9chargements &#8211; sauf mention contraire &#8211; sont la propri\u00e9t\u00e9 exclusive de <a href=\"http:\/\/www.placeplume.com\">www.placeplume.com<\/a>. Ils ne peuvent en aucun cas \u00eatre utilis\u00e9s sans un accord \u00e9crit pr\u00e9alable.<\/p>\n\n\n\n<p>Toute reproduction, repr\u00e9sentation, modification, publication, adaptation de tout ou partie des \u00e9l\u00e9ments du site, quel que soit le proc\u00e9d\u00e9 utilis\u00e9, est interdite, sauf autorisation \u00e9crite.<\/p>\n\n\n\n<p>Toute exploitation non autoris\u00e9e du site ou de l\u2019un des quelconques \u00e9l\u00e9ments qu\u2019il contient sera consid\u00e9r\u00e9e comme constitutive d\u2019une contrefa\u00e7on et poursuivie conform\u00e9ment aux dispositions des articles L.335-2 et suivants du Code de Propri\u00e9t\u00e9 Intellectuelle.<\/p>\n\n\n\n<p><strong>Responsabilit\u00e9s et commentaires<\/strong><\/p>\n\n\n\n<p>Les articles publi\u00e9s sur <a href=\"http:\/\/www.placeplume.com\">www.placeplume.com<\/a> peuvent comporter des avis subjectifs. Les articles ont avant tout vocation \u00e0 livrer un avis personnel qui ne se veut pas repr\u00e9sentatif d\u2019une majorit\u00e9.<\/p>\n\n\n\n<p>Si, pour une raison ind\u00e9pendante de la volont\u00e9 de <a href=\"http:\/\/www.placeplume.com\">www.placeplume.com<\/a>, vous vous estimez l\u00e9s\u00e9 par des propos tenus sur le site, n\u2019h\u00e9sitez pas \u00e0 prendre contact pour en parler.<\/p>\n\n\n\n<p>Les commentaires sont plac\u00e9s sous l\u2019enti\u00e8re responsabilit\u00e9 de leurs auteurs respectifs et ne refl\u00e8tent pas le point de vue de <a href=\"http:\/\/www.placeplume.com\">www.placeplume.co<\/a>m.&nbsp;<\/p>\n\n\n\n<p>Le site <a href=\"http:\/\/www.placeplume.com\">www.placeplume.com<\/a> se r\u00e9serve le droit de supprimer, sans mise en demeure pr\u00e9alable, tout contenu d\u00e9pos\u00e9 dans cet espace qui contreviendrait \u00e0 la l\u00e9gislation applicable en France, en particulier aux dispositions relatives \u00e0 la protection des donn\u00e9es.&nbsp;<\/p>\n\n\n\n<p>Le cas \u00e9ch\u00e9ant, <a href=\"http:\/\/www.placeplume.com\">www.placeplume.com<\/a> se r\u00e9serve \u00e9galement la possibilit\u00e9 de mettre en cause la responsabilit\u00e9 civile et\/ou p\u00e9nale de l\u2019utilisateur, notamment en cas de message \u00e0 caract\u00e8re raciste, injurieux, diffamant, incitant \u00e0 la haine ou pornographique, quel que soit le support utilis\u00e9. Tout commentaire contraire \u00e0 la loi sous quelque forme que ce soit sera supprim\u00e9 d\u00e8s que les administrateurs du site en prendront connaissance.<\/p>\n\n\n\n<p><strong>Liens externes et affiliation<\/strong><\/p>\n\n\n\n<p>Le site <a href=\"http:\/\/www.placeplume.com\">www.placeplume.com<\/a> peut comporter des liens vers d\u2019autres sites ou blogs, y compris des sites marchands. Certains de ces liens sont affili\u00e9s. En d\u2019autres termes, si vous cliquez dessus puis effectuez un achat sur le site tiers, <a href=\"http:\/\/www.placeplume.com\">www.placeplume.com<\/a> b\u00e9n\u00e9ficiera d\u2019une commission sur vos achats. Le prix de vente ne change pas. <\/p>\n\n\n\n<p><a href=\"http:\/\/www.placeplume.com\">www.placeplume.com<\/a> s\u2019engage \u00e0 veiller \u00e0 la qualit\u00e9 \u00e9ditoriale des produits et sites ainsi promus. Cependant, <a href=\"http:\/\/www.placeplume.com\">www.placeplume.com<\/a> se d\u00e9gage de toute responsabilit\u00e9 concernant la consultation ou l\u2019achat sur ces sites, dans la mesure o\u00f9 le site ne joue aucun r\u00f4le dans leur mise \u00e0 jour ou dans leur processus de commande et de livraison.<\/p>\n\n\n\n<p><strong>Cookies<\/strong><\/p>\n\n\n\n<p>La navigation sur le site <a href=\"http:\/\/www.placeplume.com\">www.placeplume.com<\/a> est susceptible de provoquer l\u2019installation de cookie(s) sur l\u2019ordinateur de l\u2019utilisateur.<\/p>\n\n\n\n<p>Le refus d\u2019installation d\u2019un cookie peut entra\u00eener l\u2019impossibilit\u00e9 d\u2019acc\u00e9der \u00e0 certains services. L\u2019utilisateur peut tout de m\u00eame configurer son ordinateur pour en refuser l\u2019installation.<\/p>\n\n\n\n<p><strong>Droit applicable et principales lois concern\u00e9es<\/strong><\/p>\n\n\n\n<p>Tout litige en relation avec l\u2019utilisation du site <a href=\"http:\/\/www.placeplume.com\">www.placeplume.com<\/a> est soumis au droit fran\u00e7ais.<\/p>\n\n\n\n<p>Loi n\u00b0 78-17 du 6 janvier 1978, notamment modifi\u00e9e par la loi n\u00b0 2004-801 du 6 ao\u00fbt 2004 relative \u00e0 l\u2019informatique, aux fichiers et aux libert\u00e9s.<\/p>\n\n\n\n<p>Loi n\u00b0 2004-575 du 21 juin 2004 pour la confiance dans l\u2019\u00e9conomie num\u00e9rique.<\/p>\n\n\n\n<p><\/p>\n","protected":false},"excerpt":{"rendered":"<p>Conform\u00e9ment aux dispositions des Articles 6-III et 19 de la Loi n\u00b02004-575 du 21 juin 2004 pour la Confiance dans l\u2019\u00e9conomie num\u00e9rique, dite L.C.E.N., il est port\u00e9 \u00e0 la connaissance des Utilisateurs du site www.placeplume.com les pr\u00e9sentes mentions l\u00e9gales Pr\u00e9sentation du site L\u2019\u00e9dition est assur\u00e9e par Cl\u00e9mence Arnault, sauf mention contraire.\u00a0 L\u2019h\u00e9bergeur du site www.placeplume.com [&hellip;]<\/p>\n","protected":false},"author":2,"featured_media":0,"parent":0,"menu_order":0,"comment_status":"closed","ping_status":"closed","template":"","meta":{"footnotes":""},"class_list":["post-133","page","type-page","status-publish","hentry"],"yoast_head":"<!-- This site is optimized with the Yoast SEO plugin v26.9 - https:\/\/yoast.com\/product\/yoast-seo-wordpress\/ -->\n<title>Mentions l\u00e9gales - Place plume<\/title>\n<meta name=\"robots\" content=\"index, follow, max-snippet:-1, max-image-preview:large, max-video-preview:-1\" \/>\n<link rel=\"canonical\" href=\"https:\/\/placeplume.com\/index.php\/mentions-legales\/\" \/>\n<meta property=\"og:locale\" content=\"fr_FR\" \/>\n<meta property=\"og:type\" content=\"article\" \/>\n<meta property=\"og:title\" content=\"Mentions l\u00e9gales - Place plume\" \/>\n<meta property=\"og:description\" content=\"Conform\u00e9ment aux dispositions des Articles 6-III et 19 de la Loi n\u00b02004-575 du 21 juin 2004 pour la Confiance dans l\u2019\u00e9conomie num\u00e9rique, dite L.C.E.N., il est port\u00e9 \u00e0 la connaissance des Utilisateurs du site www.placeplume.com les pr\u00e9sentes mentions l\u00e9gales Pr\u00e9sentation du site L\u2019\u00e9dition est assur\u00e9e par Cl\u00e9mence Arnault, sauf mention contraire.\u00a0 L\u2019h\u00e9bergeur du site www.placeplume.com [&hellip;]\" \/>\n<meta property=\"og:url\" content=\"https:\/\/placeplume.com\/index.php\/mentions-legales\/\" \/>\n<meta property=\"og:site_name\" content=\"Place plume\" \/>\n<meta property=\"article:publisher\" content=\"https:\/\/www.facebook.com\/placeplume21\" \/>\n<meta property=\"article:modified_time\" content=\"2021-01-26T14:35:38+00:00\" \/>\n<meta name=\"twitter:card\" content=\"summary_large_image\" \/>\n<meta name=\"twitter:site\" content=\"@place_plume\" \/>\n<meta name=\"twitter:label1\" content=\"Dur\u00e9e de lecture estim\u00e9e\" \/>\n\t<meta name=\"twitter:data1\" content=\"7 minutes\" \/>\n<script type=\"application\/ld+json\" class=\"yoast-schema-graph\">{\"@context\":\"https:\/\/schema.org\",\"@graph\":[{\"@type\":\"WebPage\",\"@id\":\"https:\/\/placeplume.com\/index.php\/mentions-legales\/\",\"url\":\"https:\/\/placeplume.com\/index.php\/mentions-legales\/\",\"name\":\"Mentions l\u00e9gales - Place plume\",\"isPartOf\":{\"@id\":\"https:\/\/placeplume.com\/#website\"},\"datePublished\":\"2021-01-26T14:35:37+00:00\",\"dateModified\":\"2021-01-26T14:35:38+00:00\",\"breadcrumb\":{\"@id\":\"https:\/\/placeplume.com\/index.php\/mentions-legales\/#breadcrumb\"},\"inLanguage\":\"fr-FR\",\"potentialAction\":[{\"@type\":\"ReadAction\",\"target\":[\"https:\/\/placeplume.com\/index.php\/mentions-legales\/\"]}]},{\"@type\":\"BreadcrumbList\",\"@id\":\"https:\/\/placeplume.com\/index.php\/mentions-legales\/#breadcrumb\",\"itemListElement\":[{\"@type\":\"ListItem\",\"position\":1,\"name\":\"Home\",\"item\":\"https:\/\/placeplume.com\/\"},{\"@type\":\"ListItem\",\"position\":2,\"name\":\"Mentions l\u00e9gales\"}]},{\"@type\":\"WebSite\",\"@id\":\"https:\/\/placeplume.com\/#website\",\"url\":\"https:\/\/placeplume.com\/\",\"name\":\"Place plume\",\"description\":\"\",\"publisher\":{\"@id\":\"https:\/\/placeplume.com\/#organization\"},\"potentialAction\":[{\"@type\":\"SearchAction\",\"target\":{\"@type\":\"EntryPoint\",\"urlTemplate\":\"https:\/\/placeplume.com\/?s={search_term_string}\"},\"query-input\":{\"@type\":\"PropertyValueSpecification\",\"valueRequired\":true,\"valueName\":\"search_term_string\"}}],\"inLanguage\":\"fr-FR\"},{\"@type\":\"Organization\",\"@id\":\"https:\/\/placeplume.com\/#organization\",\"name\":\"Place plume\",\"url\":\"https:\/\/placeplume.com\/\",\"logo\":{\"@type\":\"ImageObject\",\"inLanguage\":\"fr-FR\",\"@id\":\"https:\/\/placeplume.com\/#\/schema\/logo\/image\/\",\"url\":\"\",\"contentUrl\":\"\",\"caption\":\"Place plume\"},\"image\":{\"@id\":\"https:\/\/placeplume.com\/#\/schema\/logo\/image\/\"},\"sameAs\":[\"https:\/\/www.facebook.com\/placeplume21\",\"https:\/\/x.com\/place_plume\",\"https:\/\/www.instagram.com\/place_plume\/\",\"https:\/\/www.pinterest.fr\/place_plume\/_created\/\"]}]}<\/script>\n<!-- \/ Yoast SEO plugin. -->","yoast_head_json":{"title":"Mentions l\u00e9gales - Place plume","robots":{"index":"index","follow":"follow","max-snippet":"max-snippet:-1","max-image-preview":"max-image-preview:large","max-video-preview":"max-video-preview:-1"},"canonical":"https:\/\/placeplume.com\/index.php\/mentions-legales\/","og_locale":"fr_FR","og_type":"article","og_title":"Mentions l\u00e9gales - Place plume","og_description":"Conform\u00e9ment aux dispositions des Articles 6-III et 19 de la Loi n\u00b02004-575 du 21 juin 2004 pour la Confiance dans l\u2019\u00e9conomie num\u00e9rique, dite L.C.E.N., il est port\u00e9 \u00e0 la connaissance des Utilisateurs du site www.placeplume.com les pr\u00e9sentes mentions l\u00e9gales Pr\u00e9sentation du site L\u2019\u00e9dition est assur\u00e9e par Cl\u00e9mence Arnault, sauf mention contraire.\u00a0 L\u2019h\u00e9bergeur du site www.placeplume.com [&hellip;]","og_url":"https:\/\/placeplume.com\/index.php\/mentions-legales\/","og_site_name":"Place plume","article_publisher":"https:\/\/www.facebook.com\/placeplume21","article_modified_time":"2021-01-26T14:35:38+00:00","twitter_card":"summary_large_image","twitter_site":"@place_plume","twitter_misc":{"Dur\u00e9e de lecture estim\u00e9e":"7 minutes"},"schema":{"@context":"https:\/\/schema.org","@graph":[{"@type":"WebPage","@id":"https:\/\/placeplume.com\/index.php\/mentions-legales\/","url":"https:\/\/placeplume.com\/index.php\/mentions-legales\/","name":"Mentions l\u00e9gales - Place plume","isPartOf":{"@id":"https:\/\/placeplume.com\/#website"},"datePublished":"2021-01-26T14:35:37+00:00","dateModified":"2021-01-26T14:35:38+00:00","breadcrumb":{"@id":"https:\/\/placeplume.com\/index.php\/mentions-legales\/#breadcrumb"},"inLanguage":"fr-FR","potentialAction":[{"@type":"ReadAction","target":["https:\/\/placeplume.com\/index.php\/mentions-legales\/"]}]},{"@type":"BreadcrumbList","@id":"https:\/\/placeplume.com\/index.php\/mentions-legales\/#breadcrumb","itemListElement":[{"@type":"ListItem","position":1,"name":"Home","item":"https:\/\/placeplume.com\/"},{"@type":"ListItem","position":2,"name":"Mentions l\u00e9gales"}]},{"@type":"WebSite","@id":"https:\/\/placeplume.com\/#website","url":"https:\/\/placeplume.com\/","name":"Place plume","description":"","publisher":{"@id":"https:\/\/placeplume.com\/#organization"},"potentialAction":[{"@type":"SearchAction","target":{"@type":"EntryPoint","urlTemplate":"https:\/\/placeplume.com\/?s={search_term_string}"},"query-input":{"@type":"PropertyValueSpecification","valueRequired":true,"valueName":"search_term_string"}}],"inLanguage":"fr-FR"},{"@type":"Organization","@id":"https:\/\/placeplume.com\/#organization","name":"Place plume","url":"https:\/\/placeplume.com\/","logo":{"@type":"ImageObject","inLanguage":"fr-FR","@id":"https:\/\/placeplume.com\/#\/schema\/logo\/image\/","url":"","contentUrl":"","caption":"Place plume"},"image":{"@id":"https:\/\/placeplume.com\/#\/schema\/logo\/image\/"},"sameAs":["https:\/\/www.facebook.com\/placeplume21","https:\/\/x.com\/place_plume","https:\/\/www.instagram.com\/place_plume\/","https:\/\/www.pinterest.fr\/place_plume\/_created\/"]}]}},"_links":{"self":[{"href":"https:\/\/placeplume.com\/index.php\/wp-json\/wp\/v2\/pages\/133","targetHints":{"allow":["GET"]}}],"collection":[{"href":"https:\/\/placeplume.com\/index.php\/wp-json\/wp\/v2\/pages"}],"about":[{"href":"https:\/\/placeplume.com\/index.php\/wp-json\/wp\/v2\/types\/page"}],"author":[{"embeddable":true,"href":"https:\/\/placeplume.com\/index.php\/wp-json\/wp\/v2\/users\/2"}],"replies":[{"embeddable":true,"href":"https:\/\/placeplume.com\/index.php\/wp-json\/wp\/v2\/comments?post=133"}],"version-history":[{"count":1,"href":"https:\/\/placeplume.com\/index.php\/wp-json\/wp\/v2\/pages\/133\/revisions"}],"predecessor-version":[{"id":14253,"href":"https:\/\/placeplume.com\/index.php\/wp-json\/wp\/v2\/pages\/133\/revisions\/14253"}],"wp:attachment":[{"href":"https:\/\/placeplume.com\/index.php\/wp-json\/wp\/v2\/media?parent=133"}],"curies":[{"name":"wp","href":"https:\/\/api.w.org\/{rel}","templated":true}]}}