{"id":14267,"date":"2023-11-23T15:23:55","date_gmt":"2023-11-23T14:23:55","guid":{"rendered":"https:\/\/placeplume.com\/?page_id=14267"},"modified":"2024-10-09T15:00:33","modified_gmt":"2024-10-09T13:00:33","slug":"me-contacter","status":"publish","type":"page","link":"https:\/\/placeplume.com\/index.php\/me-contacter\/","title":{"rendered":"Me contacter"},"content":{"rendered":"\n<div class=\"wp-block-columns is-layout-flex wp-container-core-columns-is-layout-9d6595d7 wp-block-columns-is-layout-flex\">\n<div class=\"wp-block-column is-layout-flow wp-block-column-is-layout-flow\">\n<p class=\"has-text-align-left\"><strong>Envie de me laisser un message, de me dire quelque chose ou de me poser une question ?<\/strong> Vous \u00eates au bon endroit ! Utilisez le formulaire ci-dessous pour me laisser un message, et je m&#8217;engage \u00e0 revenir vers vous tr\u00e8s rapidement. <\/p>\n\n\n<div class=\"wp-block-image\">\n<figure class=\"alignright size-full is-resized\"><img loading=\"lazy\" decoding=\"async\" width=\"269\" height=\"100\" src=\"https:\/\/placeplume.com\/wp-content\/uploads\/2023\/11\/image-42.png\" alt=\"\" class=\"wp-image-15443\" style=\"width:174px;height:auto\"\/><\/figure>\n<\/div>\n\n\n<p class=\"has-text-align-left\"><\/p>\n<\/div>\n\n\n\n<div class=\"wp-block-column is-layout-flow wp-block-column-is-layout-flow\">\n<figure class=\"wp-block-image size-full is-resized\"><img loading=\"lazy\" decoding=\"async\" width=\"600\" height=\"450\" src=\"https:\/\/placeplume.com\/wp-content\/uploads\/2024\/10\/image-1.png\" alt=\"\" class=\"wp-image-18355\" style=\"width:419px;height:auto\" srcset=\"https:\/\/placeplume.com\/wp-content\/uploads\/2024\/10\/image-1.png 600w, https:\/\/placeplume.com\/wp-content\/uploads\/2024\/10\/image-1-300x225.png 300w\" sizes=\"auto, (max-width: 600px) 100vw, 600px\" \/><\/figure>\n<\/div>\n<\/div>\n\n\n\n<p><\/p>\n\n\n\n<div class=\"wp-block-columns is-layout-flex wp-container-core-columns-is-layout-9d6595d7 wp-block-columns-is-layout-flex\">\n<div class=\"wp-block-column is-layout-flow wp-block-column-is-layout-flow\">\n<p>Si vous pr\u00e9f\u00e9rez,&nbsp;vous pouvez aussi m&#8217;\u00e9crire directement \u00e0 l&#8217;adresse mail en cliquant ici. <\/p>\n<\/div>\n\n\n\n<div class=\"wp-block-column is-layout-flow wp-block-column-is-layout-flow\">\n<div class=\"wp-block-buttons is-horizontal is-content-justification-center is-layout-flex wp-container-core-buttons-is-layout-499968f5 wp-block-buttons-is-layout-flex\">\n<div class=\"wp-block-button has-custom-width wp-block-button__width-50\"><a class=\"wp-block-button__link has-text-color has-background has-text-align-center wp-element-button\" href=\"mailto:placeplume21@gmail.com\" style=\"border-radius:50px;color:#ffffff;background-color:#97b6b8\" target=\"_blank\" rel=\"noreferrer noopener\">Me contacter<\/a><\/div>\n<\/div>\n<\/div>\n<\/div>\n\n\n\n<hr class=\"wp-block-separator has-alpha-channel-opacity\"\/>\n\n\n\n<h3 class=\"wp-block-heading\">Formulaire de contact<\/h3>\n\n\n\n<hr class=\"wp-block-separator has-alpha-channel-opacity\"\/>\n\n\n\n<p><\/p>\n\n\n<div class=\"wpforms-container wpforms-container-full wpforms-block wpforms-block-1e5bf55d-d64d-4bf7-8913-1cb0bb4df8e9 wpforms-render-modern\" id=\"wpforms-14250\"><form id=\"wpforms-form-14250\" class=\"wpforms-validate wpforms-form wpforms-ajax-form\" data-formid=\"14250\" method=\"post\" enctype=\"multipart\/form-data\" action=\"\/index.php\/wp-json\/wp\/v2\/pages\/14267\" data-token=\"866072d35801981c6747b7aba9e19fcf\" data-token-time=\"1776952312\"><noscript class=\"wpforms-error-noscript\">Veuillez activer JavaScript dans votre navigateur pour remplir ce formulaire.<\/noscript><div id=\"wpforms-error-noscript\" style=\"display: none;\">Veuillez activer JavaScript dans votre navigateur pour remplir ce formulaire.<\/div><div class=\"wpforms-field-container\"><div id=\"wpforms-14250-field_9-container\" class=\"wpforms-field wpforms-field-text\" data-field-id=\"9\"><label class=\"wpforms-field-label\" for=\"wpforms-14250-field_9\">Pr\u00e9nom \/ Nom <span class=\"wpforms-required-label\" aria-hidden=\"true\">*<\/span><\/label><input type=\"text\" id=\"wpforms-14250-field_9\" class=\"wpforms-field-medium wpforms-field-required\" name=\"wpforms[fields][9]\" aria-errormessage=\"wpforms-14250-field_9-error\" required><\/div><div id=\"wpforms-14250-field_5-container\" class=\"wpforms-field wpforms-field-email\" data-field-id=\"5\"><label class=\"wpforms-field-label\" for=\"wpforms-14250-field_5\">Email <span class=\"wpforms-required-label\" aria-hidden=\"true\">*<\/span><\/label><input type=\"email\" id=\"wpforms-14250-field_5\" class=\"wpforms-field-medium wpforms-field-required\" name=\"wpforms[fields][5]\" spellcheck=\"false\" aria-errormessage=\"wpforms-14250-field_5-error\" required><\/div><div id=\"wpforms-14250-field_18-container\" class=\"wpforms-field wpforms-field-text\" data-field-id=\"18\"><label class=\"wpforms-field-label\" for=\"wpforms-14250-field_18\">T\u00e9l\u00e9phone<\/label><input type=\"text\" id=\"wpforms-14250-field_18\" class=\"wpforms-field-small wpforms-limit-characters-enabled\" data-form-id=\"14250\" data-field-id=\"18\" data-text-limit=\"12\" name=\"wpforms[fields][18]\" aria-errormessage=\"wpforms-14250-field_18-error\" maxlength=\"12\" ><\/div><div id=\"wpforms-14250-field_19-container\" class=\"wpforms-field wpforms-field-checkbox wpforms-list-3-columns\" data-field-id=\"19\"><fieldset><legend class=\"wpforms-field-label\"><\/legend><ul id=\"wpforms-14250-field_19\"><li class=\"choice-1 depth-1\"><input type=\"checkbox\" id=\"wpforms-14250-field_19_1\" name=\"wpforms[fields][19][]\" value=\"Demande de devis\" aria-errormessage=\"wpforms-14250-field_19_1-error\"  ><label class=\"wpforms-field-label-inline\" for=\"wpforms-14250-field_19_1\">Demande de devis<\/label><\/li><li class=\"choice-6 depth-1\"><input type=\"checkbox\" id=\"wpforms-14250-field_19_6\" name=\"wpforms[fields][19][]\" value=\"Urgent\" aria-errormessage=\"wpforms-14250-field_19_6-error\"  ><label class=\"wpforms-field-label-inline\" for=\"wpforms-14250-field_19_6\">Urgent<\/label><\/li><li class=\"choice-7 depth-1\"><input type=\"checkbox\" id=\"wpforms-14250-field_19_7\" name=\"wpforms[fields][19][]\" value=\"Autre\" aria-errormessage=\"wpforms-14250-field_19_7-error\"  ><label class=\"wpforms-field-label-inline\" for=\"wpforms-14250-field_19_7\">Autre<\/label><\/li><\/ul><\/fieldset><\/div>\t\t<div id=\"wpforms-14250-field_1-container\"\n\t\t\tclass=\"wpforms-field wpforms-field-text\"\n\t\t\tdata-field-type=\"text\"\n\t\t\tdata-field-id=\"1\"\n\t\t\t>\n\t\t\t<label class=\"wpforms-field-label\" for=\"wpforms-14250-field_1\" >T\u00e9l\u00e9phone \/ Email<\/label>\n\t\t\t<input type=\"text\" id=\"wpforms-14250-field_1\" class=\"wpforms-field-medium\" name=\"wpforms[fields][1]\" >\n\t\t<\/div>\n\t\t<div id=\"wpforms-14250-field_6-container\" class=\"wpforms-field wpforms-field-textarea\" data-field-id=\"6\"><label class=\"wpforms-field-label\" for=\"wpforms-14250-field_6\">Votre message : <span class=\"wpforms-required-label\" aria-hidden=\"true\">*<\/span><\/label><textarea id=\"wpforms-14250-field_6\" class=\"wpforms-field-medium wpforms-field-required wpforms-limit-characters-enabled\" data-form-id=\"14250\" data-field-id=\"6\" data-text-limit=\"550\" name=\"wpforms[fields][6]\" placeholder=\"Parlez-moi de votre projet, votre texte ou de vos d\u00e9lais...\" aria-errormessage=\"wpforms-14250-field_6-error\" aria-describedby=\"wpforms-14250-field_6-description\" maxlength=\"550\" required><\/textarea><div id=\"wpforms-14250-field_6-description\" class=\"wpforms-field-description\">Les donn\u00e9es personnelles envoy\u00e9es serviront exclusivement \u00e0 vous apporter une r\u00e9ponse. <\/div><\/div><script>\n\t\t\t\t( function() {\n\t\t\t\t\tconst style = document.createElement( 'style' );\n\t\t\t\t\tstyle.appendChild( document.createTextNode( '#wpforms-14250-field_1-container { position: absolute !important; overflow: hidden !important; display: inline !important; height: 1px !important; width: 1px !important; z-index: -1000 !important; padding: 0 !important; } #wpforms-14250-field_1-container input { visibility: hidden; } #wpforms-conversational-form-page #wpforms-14250-field_1-container label { counter-increment: none; }' ) );\n\t\t\t\t\tdocument.head.appendChild( style );\n\t\t\t\t\tdocument.currentScript?.remove();\n\t\t\t\t} )();\n\t\t\t<\/script><\/div><!-- .wpforms-field-container --><div class=\"wpforms-recaptcha-container wpforms-is-recaptcha wpforms-is-recaptcha-type-v3\" ><input type=\"hidden\" name=\"wpforms[recaptcha]\" value=\"\"><\/div><div class=\"wpforms-submit-container\" ><input type=\"hidden\" name=\"wpforms[id]\" value=\"14250\"><input type=\"hidden\" name=\"page_title\" value=\"\"><input type=\"hidden\" name=\"page_url\" value=\"https:\/\/placeplume.com\/index.php\/wp-json\/wp\/v2\/pages\/14267\"><input type=\"hidden\" name=\"url_referer\" value=\"\"><button type=\"submit\" name=\"wpforms[submit]\" id=\"wpforms-submit-14250\" class=\"wpforms-submit\" data-alt-text=\"Sending...\" data-submit-text=\"Envoyer\" aria-live=\"assertive\" value=\"wpforms-submit\">Envoyer<\/button><img loading=\"lazy\" decoding=\"async\" src=\"https:\/\/placeplume.com\/wp-content\/plugins\/wpforms-lite\/assets\/images\/submit-spin.svg\" class=\"wpforms-submit-spinner\" style=\"display: none;\" width=\"26\" height=\"26\" alt=\"Chargement en cours\"><\/div><\/form><\/div>  <!-- .wpforms-container -->\n\n\n<hr class=\"wp-block-separator has-alpha-channel-opacity\"\/>\n\n\n\n<p><a href=\"https:\/\/emojipedia.org\/sparkles\">\u2728<\/a> Curieux d&#8217;en apprendre davantage sur mon parcours ou de d\u00e9couvrir comment mes comp\u00e9tences de relectrice peuvent s&#8217;appliquer \u00e0 vos \u00e9crits et vous faire gagner un temps pr\u00e9cieux ? Cliquez ici pour en savoir plus :<\/p>\n\n\n\n<div class=\"wp-block-group alignfull has-text-color has-background\" style=\"color:#000000;background-color:#ffffff\"><div class=\"wp-block-group__inner-container is-layout-flow wp-block-group-is-layout-flow\">\n<div class=\"wp-block-buttons is-horizontal is-content-justification-center is-layout-flex wp-container-core-buttons-is-layout-499968f5 wp-block-buttons-is-layout-flex\">\n<div class=\"wp-block-button has-custom-width wp-block-button__width-50\"><a class=\"wp-block-button__link has-text-color has-background wp-element-button\" href=\"https:\/\/placeplume.com\/index.php\/2021\/03\/22\/qui-suis-je-dans-la-vraie-vie\/\" style=\"border-radius:50px;color:#ffffff;background-color:#e2ccc3\" target=\"_blank\" rel=\"noreferrer noopener\">Qui suis-je ?<\/a><\/div>\n\n\n\n<div class=\"wp-block-button has-custom-width wp-block-button__width-50\"><a class=\"wp-block-button__link has-text-color has-background wp-element-button\" href=\"https:\/\/placeplume.com\/wp-content\/uploads\/2024\/01\/relecture_correction_services_professionnels_brochure.pdf\" style=\"border-radius:50px;color:#ffffff;background-color:#9db9bc\" target=\"_blank\" rel=\"noreferrer noopener\">Je consulte la brochure<\/a><\/div>\n<\/div>\n<\/div><\/div>\n\n\n\n<p><\/p>\n\n\n\n<p>\ud83d\udc49 Restez connect\u00e9s \u00e0 l\u2019actualit\u00e9 de Place Plume sur Instagram et Facebook, et abonnez-vous \u00e0 la newsletter du blog dans le menu \u00e0 droite de votre \u00e9cran. Vous recevrez toutes mes astuces et mes conseils en r\u00e9daction une fois par mois dans votre bo\u00eete mail.<\/p>\n","protected":false},"excerpt":{"rendered":"<p>Envie de me laisser un message, de me dire quelque chose ou de me poser une question ? Vous \u00eates au bon endroit ! Utilisez le formulaire ci-dessous pour me laisser un message, et je m&#8217;engage \u00e0 revenir vers vous tr\u00e8s rapidement. Si vous pr\u00e9f\u00e9rez,&nbsp;vous pouvez aussi m&#8217;\u00e9crire directement \u00e0 l&#8217;adresse mail en cliquant ici. [&hellip;]<\/p>\n","protected":false},"author":2,"featured_media":0,"parent":0,"menu_order":0,"comment_status":"closed","ping_status":"closed","template":"","meta":{"footnotes":""},"class_list":["post-14267","page","type-page","status-publish","hentry"],"yoast_head":"<!-- This site is optimized with the Yoast SEO plugin v26.9 - https:\/\/yoast.com\/product\/yoast-seo-wordpress\/ -->\n<title>Me contacter - Place plume<\/title>\n<meta name=\"description\" content=\"Envie de commencer un projet de relecture avec moi ? Vous \u00eates au bon endroit. Utilisez le formulaire pour me contacter\" \/>\n<meta name=\"robots\" content=\"index, follow, max-snippet:-1, max-image-preview:large, max-video-preview:-1\" \/>\n<link rel=\"canonical\" href=\"https:\/\/placeplume.com\/index.php\/me-contacter\/\" \/>\n<meta property=\"og:locale\" content=\"fr_FR\" \/>\n<meta property=\"og:type\" content=\"article\" \/>\n<meta property=\"og:title\" content=\"Me contacter - Place plume\" \/>\n<meta property=\"og:description\" content=\"Envie de commencer un projet de relecture avec moi ? Vous \u00eates au bon endroit. Utilisez le formulaire pour me contacter\" \/>\n<meta property=\"og:url\" content=\"https:\/\/placeplume.com\/index.php\/me-contacter\/\" \/>\n<meta property=\"og:site_name\" content=\"Place plume\" \/>\n<meta property=\"article:publisher\" content=\"https:\/\/www.facebook.com\/placeplume21\" \/>\n<meta property=\"article:modified_time\" content=\"2024-10-09T13:00:33+00:00\" \/>\n<meta property=\"og:image\" content=\"https:\/\/placeplume.com\/wp-content\/uploads\/2023\/11\/image-42.png\" \/>\n<meta name=\"twitter:card\" content=\"summary_large_image\" \/>\n<meta name=\"twitter:site\" content=\"@place_plume\" \/>\n<meta name=\"twitter:label1\" content=\"Dur\u00e9e de lecture estim\u00e9e\" \/>\n\t<meta name=\"twitter:data1\" content=\"2 minutes\" \/>\n<script type=\"application\/ld+json\" class=\"yoast-schema-graph\">{\"@context\":\"https:\/\/schema.org\",\"@graph\":[{\"@type\":\"WebPage\",\"@id\":\"https:\/\/placeplume.com\/index.php\/me-contacter\/\",\"url\":\"https:\/\/placeplume.com\/index.php\/me-contacter\/\",\"name\":\"Me contacter - Place plume\",\"isPartOf\":{\"@id\":\"https:\/\/placeplume.com\/#website\"},\"primaryImageOfPage\":{\"@id\":\"https:\/\/placeplume.com\/index.php\/me-contacter\/#primaryimage\"},\"image\":{\"@id\":\"https:\/\/placeplume.com\/index.php\/me-contacter\/#primaryimage\"},\"thumbnailUrl\":\"https:\/\/placeplume.com\/wp-content\/uploads\/2023\/11\/image-42.png\",\"datePublished\":\"2023-11-23T14:23:55+00:00\",\"dateModified\":\"2024-10-09T13:00:33+00:00\",\"description\":\"Envie de commencer un projet de relecture avec moi ? Vous \u00eates au bon endroit. Utilisez le formulaire pour me contacter\",\"breadcrumb\":{\"@id\":\"https:\/\/placeplume.com\/index.php\/me-contacter\/#breadcrumb\"},\"inLanguage\":\"fr-FR\",\"potentialAction\":[{\"@type\":\"ReadAction\",\"target\":[\"https:\/\/placeplume.com\/index.php\/me-contacter\/\"]}]},{\"@type\":\"ImageObject\",\"inLanguage\":\"fr-FR\",\"@id\":\"https:\/\/placeplume.com\/index.php\/me-contacter\/#primaryimage\",\"url\":\"https:\/\/placeplume.com\/wp-content\/uploads\/2023\/11\/image-42.png\",\"contentUrl\":\"https:\/\/placeplume.com\/wp-content\/uploads\/2023\/11\/image-42.png\",\"width\":269,\"height\":100},{\"@type\":\"BreadcrumbList\",\"@id\":\"https:\/\/placeplume.com\/index.php\/me-contacter\/#breadcrumb\",\"itemListElement\":[{\"@type\":\"ListItem\",\"position\":1,\"name\":\"Home\",\"item\":\"https:\/\/placeplume.com\/\"},{\"@type\":\"ListItem\",\"position\":2,\"name\":\"Me contacter\"}]},{\"@type\":\"WebSite\",\"@id\":\"https:\/\/placeplume.com\/#website\",\"url\":\"https:\/\/placeplume.com\/\",\"name\":\"Place plume\",\"description\":\"\",\"publisher\":{\"@id\":\"https:\/\/placeplume.com\/#organization\"},\"potentialAction\":[{\"@type\":\"SearchAction\",\"target\":{\"@type\":\"EntryPoint\",\"urlTemplate\":\"https:\/\/placeplume.com\/?s={search_term_string}\"},\"query-input\":{\"@type\":\"PropertyValueSpecification\",\"valueRequired\":true,\"valueName\":\"search_term_string\"}}],\"inLanguage\":\"fr-FR\"},{\"@type\":\"Organization\",\"@id\":\"https:\/\/placeplume.com\/#organization\",\"name\":\"Place plume\",\"url\":\"https:\/\/placeplume.com\/\",\"logo\":{\"@type\":\"ImageObject\",\"inLanguage\":\"fr-FR\",\"@id\":\"https:\/\/placeplume.com\/#\/schema\/logo\/image\/\",\"url\":\"\",\"contentUrl\":\"\",\"caption\":\"Place plume\"},\"image\":{\"@id\":\"https:\/\/placeplume.com\/#\/schema\/logo\/image\/\"},\"sameAs\":[\"https:\/\/www.facebook.com\/placeplume21\",\"https:\/\/x.com\/place_plume\",\"https:\/\/www.instagram.com\/place_plume\/\",\"https:\/\/www.pinterest.fr\/place_plume\/_created\/\"]}]}<\/script>\n<!-- \/ Yoast SEO plugin. -->","yoast_head_json":{"title":"Me contacter - Place plume","description":"Envie de commencer un projet de relecture avec moi ? Vous \u00eates au bon endroit. Utilisez le formulaire pour me contacter","robots":{"index":"index","follow":"follow","max-snippet":"max-snippet:-1","max-image-preview":"max-image-preview:large","max-video-preview":"max-video-preview:-1"},"canonical":"https:\/\/placeplume.com\/index.php\/me-contacter\/","og_locale":"fr_FR","og_type":"article","og_title":"Me contacter - Place plume","og_description":"Envie de commencer un projet de relecture avec moi ? Vous \u00eates au bon endroit. Utilisez le formulaire pour me contacter","og_url":"https:\/\/placeplume.com\/index.php\/me-contacter\/","og_site_name":"Place plume","article_publisher":"https:\/\/www.facebook.com\/placeplume21","article_modified_time":"2024-10-09T13:00:33+00:00","og_image":[{"url":"https:\/\/placeplume.com\/wp-content\/uploads\/2023\/11\/image-42.png","type":"","width":"","height":""}],"twitter_card":"summary_large_image","twitter_site":"@place_plume","twitter_misc":{"Dur\u00e9e de lecture estim\u00e9e":"2 minutes"},"schema":{"@context":"https:\/\/schema.org","@graph":[{"@type":"WebPage","@id":"https:\/\/placeplume.com\/index.php\/me-contacter\/","url":"https:\/\/placeplume.com\/index.php\/me-contacter\/","name":"Me contacter - Place plume","isPartOf":{"@id":"https:\/\/placeplume.com\/#website"},"primaryImageOfPage":{"@id":"https:\/\/placeplume.com\/index.php\/me-contacter\/#primaryimage"},"image":{"@id":"https:\/\/placeplume.com\/index.php\/me-contacter\/#primaryimage"},"thumbnailUrl":"https:\/\/placeplume.com\/wp-content\/uploads\/2023\/11\/image-42.png","datePublished":"2023-11-23T14:23:55+00:00","dateModified":"2024-10-09T13:00:33+00:00","description":"Envie de commencer un projet de relecture avec moi ? Vous \u00eates au bon endroit. Utilisez le formulaire pour me contacter","breadcrumb":{"@id":"https:\/\/placeplume.com\/index.php\/me-contacter\/#breadcrumb"},"inLanguage":"fr-FR","potentialAction":[{"@type":"ReadAction","target":["https:\/\/placeplume.com\/index.php\/me-contacter\/"]}]},{"@type":"ImageObject","inLanguage":"fr-FR","@id":"https:\/\/placeplume.com\/index.php\/me-contacter\/#primaryimage","url":"https:\/\/placeplume.com\/wp-content\/uploads\/2023\/11\/image-42.png","contentUrl":"https:\/\/placeplume.com\/wp-content\/uploads\/2023\/11\/image-42.png","width":269,"height":100},{"@type":"BreadcrumbList","@id":"https:\/\/placeplume.com\/index.php\/me-contacter\/#breadcrumb","itemListElement":[{"@type":"ListItem","position":1,"name":"Home","item":"https:\/\/placeplume.com\/"},{"@type":"ListItem","position":2,"name":"Me contacter"}]},{"@type":"WebSite","@id":"https:\/\/placeplume.com\/#website","url":"https:\/\/placeplume.com\/","name":"Place plume","description":"","publisher":{"@id":"https:\/\/placeplume.com\/#organization"},"potentialAction":[{"@type":"SearchAction","target":{"@type":"EntryPoint","urlTemplate":"https:\/\/placeplume.com\/?s={search_term_string}"},"query-input":{"@type":"PropertyValueSpecification","valueRequired":true,"valueName":"search_term_string"}}],"inLanguage":"fr-FR"},{"@type":"Organization","@id":"https:\/\/placeplume.com\/#organization","name":"Place plume","url":"https:\/\/placeplume.com\/","logo":{"@type":"ImageObject","inLanguage":"fr-FR","@id":"https:\/\/placeplume.com\/#\/schema\/logo\/image\/","url":"","contentUrl":"","caption":"Place plume"},"image":{"@id":"https:\/\/placeplume.com\/#\/schema\/logo\/image\/"},"sameAs":["https:\/\/www.facebook.com\/placeplume21","https:\/\/x.com\/place_plume","https:\/\/www.instagram.com\/place_plume\/","https:\/\/www.pinterest.fr\/place_plume\/_created\/"]}]}},"_links":{"self":[{"href":"https:\/\/placeplume.com\/index.php\/wp-json\/wp\/v2\/pages\/14267","targetHints":{"allow":["GET"]}}],"collection":[{"href":"https:\/\/placeplume.com\/index.php\/wp-json\/wp\/v2\/pages"}],"about":[{"href":"https:\/\/placeplume.com\/index.php\/wp-json\/wp\/v2\/types\/page"}],"author":[{"embeddable":true,"href":"https:\/\/placeplume.com\/index.php\/wp-json\/wp\/v2\/users\/2"}],"replies":[{"embeddable":true,"href":"https:\/\/placeplume.com\/index.php\/wp-json\/wp\/v2\/comments?post=14267"}],"version-history":[{"count":89,"href":"https:\/\/placeplume.com\/index.php\/wp-json\/wp\/v2\/pages\/14267\/revisions"}],"predecessor-version":[{"id":18356,"href":"https:\/\/placeplume.com\/index.php\/wp-json\/wp\/v2\/pages\/14267\/revisions\/18356"}],"wp:attachment":[{"href":"https:\/\/placeplume.com\/index.php\/wp-json\/wp\/v2\/media?parent=14267"}],"curies":[{"name":"wp","href":"https:\/\/api.w.org\/{rel}","templated":true}]}}