{"id":18274,"date":"2024-10-09T13:38:13","date_gmt":"2024-10-09T11:38:13","guid":{"rendered":"https:\/\/placeplume.com\/?page_id=18274"},"modified":"2025-03-06T18:01:30","modified_gmt":"2025-03-06T17:01:30","slug":"a-propos","status":"publish","type":"page","link":"https:\/\/placeplume.com\/index.php\/a-propos\/","title":{"rendered":"\u00c0 propos"},"content":{"rendered":"\n<h2 class=\"wp-block-heading\">Qui suis-je ? <\/h2>\n\n\n\n<div class=\"wp-block-columns is-layout-flex wp-container-core-columns-is-layout-9d6595d7 wp-block-columns-is-layout-flex\">\n<div class=\"wp-block-column is-layout-flow wp-block-column-is-layout-flow\" style=\"flex-basis:33.33%\">\n<figure class=\"wp-block-image size-large is-resized\"><a href=\"https:\/\/placeplume.com\/index.php\/category\/fevrier\/\"><img loading=\"lazy\" decoding=\"async\" width=\"945\" height=\"1260\" src=\"https:\/\/placeplume.com\/wp-content\/uploads\/2025\/03\/menus_du_mois-edited.jpg\" alt=\"Id\u00e9es de menus - planning - calendrier - plat - menus du mois\" class=\"wp-image-19762\" style=\"width:248px;height:auto\" srcset=\"https:\/\/placeplume.com\/wp-content\/uploads\/2025\/03\/menus_du_mois-edited.jpg 945w, https:\/\/placeplume.com\/wp-content\/uploads\/2025\/03\/menus_du_mois-edited-225x300.jpg 225w, https:\/\/placeplume.com\/wp-content\/uploads\/2025\/03\/menus_du_mois-edited-768x1024.jpg 768w\" sizes=\"auto, (max-width: 945px) 100vw, 945px\" \/><\/a><\/figure>\n\n\n\n<p><\/p>\n\n\n\n<p><a href=\"https:\/\/placeplume.com\/index.php\/2021\/01\/09\/place-plu\/\">\u00c0 propos de Place plume !<\/a><\/p>\n<\/div>\n\n\n\n<div class=\"wp-block-column is-layout-flow wp-block-column-is-layout-flow\" style=\"flex-basis:66.66%\">\n<p>Je suis Cl\u00e9mence, une amoureuse d&#8217;histoire de l&#8217;art et d&#8217;arch\u00e9ologie qui a d\u00e9croch\u00e9 son doctorat en 2021 \u00e0 l&#8217;Universit\u00e9 de Tours.<\/p>\n\n\n\n<p>Aujourd&#8217;hui, je suis \u00e9galement conf\u00e9renci\u00e8re et blogueuse \u00e0 mes heures. J&#8217;anime depuis deux ans le blog <em>Place Plume<\/em>, o\u00f9 je partage avec enthousiasme <strong>plein de petites choses que j&#8217;aime explorer pendant mon temps libre <\/strong>: des recettes qui fonctionnent, un peu de &#8220;lifestyle&#8221;, de l&#8217;histoire de l&#8217;art et des id\u00e9es de lecture\u2026<\/p>\n\n\n\n<p>Experte en histoire romaine antique, je suis aussi passionn\u00e9e par les mots, la cuisine, l&#8217;Italie et les voyages au sens large. Curieuse de nature, j&#8217;ai toujours aim\u00e9 apprendre de nouvelles choses et partager mes d\u00e9couvertes par l&#8217;\u00e9criture.<\/p>\n<\/div>\n<\/div>\n\n\n\n<h3 class=\"wp-block-heading\">Place Plume est mon carnet de petits plaisirs. <\/h3>\n\n\n\n<p><\/p>\n\n\n\n<p>Vous y trouverez mes explorations, des suggestions de piles \u00e0 lire, mon carnet de recettes et plein d&#8217;autres <strong>tr\u00e9sors que je souhaitais conserver dans un coin.<\/strong><\/p>\n\n\n<div class=\"wp-block-image\">\n<figure class=\"aligncenter size-full\"><img loading=\"lazy\" decoding=\"async\" width=\"501\" height=\"750\" src=\"https:\/\/placeplume.com\/wp-content\/uploads\/2025\/02\/image-1.png\" alt=\"cafe-stylos-decoration-artisanat Photo de Pavel Danilyuk: https:\/\/www.pexels.com\/fr-fr\/photo\/cafe-stylos-decoration-artisanat-6764193\/\" class=\"wp-image-19664\" srcset=\"https:\/\/placeplume.com\/wp-content\/uploads\/2025\/02\/image-1.png 501w, https:\/\/placeplume.com\/wp-content\/uploads\/2025\/02\/image-1-200x300.png 200w\" sizes=\"auto, (max-width: 501px) 100vw, 501px\" \/><\/figure>\n<\/div>\n\n\n<p><\/p>\n\n\n\n<p>\u270f\ufe0f<a href=\"https:\/\/emojipedia.org\/sparkles\">\u2728<\/a> Envie de me dire quelque chose ou de me poser une question ? Vous pouvez utiliser la page <strong>Me contacter<\/strong> du blog ou me laisser un petit message en commentaire. Je le lirai avec plaisir et vous r\u00e9pondrai dans les plus brefs d\u00e9lais. \u00c0 tr\u00e8s bient\u00f4t !<\/p>\n\n\n\n<p>\ud83d\udc49 Restez connect\u00e9s \u00e0 l\u2019actualit\u00e9 de <em>Place Plume<\/em> sur Instagram et Facebook, et <strong>abonnez-vous<\/strong> <strong>\u00e0 la newsletter<\/strong> du blog dans le menu \u00e0 droite de votre \u00e9cran. Vous recevrez tous les nouveaux articles une fois par mois dans votre bo\u00eete mail.<\/p>\n\n\n\n<p>&nbsp;\ud83d\udc49 Je vous propose ici de&nbsp;<strong>simplifier vos courses<\/strong>&nbsp;et de&nbsp;<strong>gagner un temps pr\u00e9cieux gr\u00e2ce \u00e0 mes suggestions.<\/strong>&nbsp;\u00c0 table !!!<\/p>\n\n\n\n<p><\/p>\n\n\n\n<p><\/p>\n\n\n\n<figure class=\"wp-block-image size-full\"><a href=\"https:\/\/placeplume.com\/index.php\/menus-du-mois\/\"><img loading=\"lazy\" decoding=\"async\" width=\"1024\" height=\"576\" src=\"https:\/\/placeplume.com\/wp-content\/uploads\/2025\/02\/image.png\" alt=\"\" class=\"wp-image-19660\" srcset=\"https:\/\/placeplume.com\/wp-content\/uploads\/2025\/02\/image.png 1024w, https:\/\/placeplume.com\/wp-content\/uploads\/2025\/02\/image-300x169.png 300w, https:\/\/placeplume.com\/wp-content\/uploads\/2025\/02\/image-768x432.png 768w\" sizes=\"auto, (max-width: 1024px) 100vw, 1024px\" \/><\/a><\/figure>\n","protected":false},"excerpt":{"rendered":"<p>Qui suis-je ? \u00c0 propos de Place plume ! Je suis Cl\u00e9mence, une amoureuse d&#8217;histoire de l&#8217;art et d&#8217;arch\u00e9ologie qui a d\u00e9croch\u00e9 son doctorat en 2021 \u00e0 l&#8217;Universit\u00e9 de Tours. Aujourd&#8217;hui, je suis \u00e9galement conf\u00e9renci\u00e8re et blogueuse \u00e0 mes heures. J&#8217;anime depuis deux ans le blog Place Plume, o\u00f9 je partage avec enthousiasme plein de [&hellip;]<\/p>\n","protected":false},"author":2,"featured_media":0,"parent":0,"menu_order":0,"comment_status":"closed","ping_status":"closed","template":"","meta":{"footnotes":""},"class_list":["post-18274","page","type-page","status-publish","hentry"],"yoast_head":"<!-- This site is optimized with the Yoast SEO plugin v26.9 - https:\/\/yoast.com\/product\/yoast-seo-wordpress\/ -->\n<title>\u00c0 propos - Place plume<\/title>\n<meta name=\"robots\" content=\"index, follow, max-snippet:-1, max-image-preview:large, max-video-preview:-1\" \/>\n<link rel=\"canonical\" href=\"https:\/\/placeplume.com\/index.php\/a-propos\/\" \/>\n<meta property=\"og:locale\" content=\"fr_FR\" \/>\n<meta property=\"og:type\" content=\"article\" \/>\n<meta property=\"og:title\" content=\"\u00c0 propos - Place plume\" \/>\n<meta property=\"og:description\" content=\"Qui suis-je ? \u00c0 propos de Place plume ! Je suis Cl\u00e9mence, une amoureuse d&#8217;histoire de l&#8217;art et d&#8217;arch\u00e9ologie qui a d\u00e9croch\u00e9 son doctorat en 2021 \u00e0 l&#8217;Universit\u00e9 de Tours. Aujourd&#8217;hui, je suis \u00e9galement conf\u00e9renci\u00e8re et blogueuse \u00e0 mes heures. J&#8217;anime depuis deux ans le blog Place Plume, o\u00f9 je partage avec enthousiasme plein de [&hellip;]\" \/>\n<meta property=\"og:url\" content=\"https:\/\/placeplume.com\/index.php\/a-propos\/\" \/>\n<meta property=\"og:site_name\" content=\"Place plume\" \/>\n<meta property=\"article:publisher\" content=\"https:\/\/www.facebook.com\/placeplume21\" \/>\n<meta property=\"article:modified_time\" content=\"2025-03-06T17:01:30+00:00\" \/>\n<meta property=\"og:image\" content=\"https:\/\/placeplume.com\/wp-content\/uploads\/2025\/03\/menus_du_mois-edited.jpg\" \/>\n\t<meta property=\"og:image:width\" content=\"945\" \/>\n\t<meta property=\"og:image:height\" content=\"1260\" \/>\n\t<meta property=\"og:image:type\" content=\"image\/jpeg\" \/>\n<meta name=\"twitter:card\" content=\"summary_large_image\" \/>\n<meta name=\"twitter:site\" content=\"@place_plume\" \/>\n<meta name=\"twitter:label1\" content=\"Dur\u00e9e de lecture estim\u00e9e\" \/>\n\t<meta name=\"twitter:data1\" content=\"2 minutes\" \/>\n<script type=\"application\/ld+json\" class=\"yoast-schema-graph\">{\"@context\":\"https:\/\/schema.org\",\"@graph\":[{\"@type\":\"WebPage\",\"@id\":\"https:\/\/placeplume.com\/index.php\/a-propos\/\",\"url\":\"https:\/\/placeplume.com\/index.php\/a-propos\/\",\"name\":\"\u00c0 propos - Place plume\",\"isPartOf\":{\"@id\":\"https:\/\/placeplume.com\/#website\"},\"primaryImageOfPage\":{\"@id\":\"https:\/\/placeplume.com\/index.php\/a-propos\/#primaryimage\"},\"image\":{\"@id\":\"https:\/\/placeplume.com\/index.php\/a-propos\/#primaryimage\"},\"thumbnailUrl\":\"https:\/\/placeplume.com\/wp-content\/uploads\/2025\/03\/menus_du_mois-edited.jpg\",\"datePublished\":\"2024-10-09T11:38:13+00:00\",\"dateModified\":\"2025-03-06T17:01:30+00:00\",\"breadcrumb\":{\"@id\":\"https:\/\/placeplume.com\/index.php\/a-propos\/#breadcrumb\"},\"inLanguage\":\"fr-FR\",\"potentialAction\":[{\"@type\":\"ReadAction\",\"target\":[\"https:\/\/placeplume.com\/index.php\/a-propos\/\"]}]},{\"@type\":\"ImageObject\",\"inLanguage\":\"fr-FR\",\"@id\":\"https:\/\/placeplume.com\/index.php\/a-propos\/#primaryimage\",\"url\":\"https:\/\/placeplume.com\/wp-content\/uploads\/2025\/03\/menus_du_mois-edited.jpg\",\"contentUrl\":\"https:\/\/placeplume.com\/wp-content\/uploads\/2025\/03\/menus_du_mois-edited.jpg\",\"width\":945,\"height\":1260,\"caption\":\"Id\u00e9es de menus - planning - calendrier - plat - menus du mois\"},{\"@type\":\"BreadcrumbList\",\"@id\":\"https:\/\/placeplume.com\/index.php\/a-propos\/#breadcrumb\",\"itemListElement\":[{\"@type\":\"ListItem\",\"position\":1,\"name\":\"Home\",\"item\":\"https:\/\/placeplume.com\/\"},{\"@type\":\"ListItem\",\"position\":2,\"name\":\"\u00c0 propos\"}]},{\"@type\":\"WebSite\",\"@id\":\"https:\/\/placeplume.com\/#website\",\"url\":\"https:\/\/placeplume.com\/\",\"name\":\"Place plume\",\"description\":\"\",\"publisher\":{\"@id\":\"https:\/\/placeplume.com\/#organization\"},\"potentialAction\":[{\"@type\":\"SearchAction\",\"target\":{\"@type\":\"EntryPoint\",\"urlTemplate\":\"https:\/\/placeplume.com\/?s={search_term_string}\"},\"query-input\":{\"@type\":\"PropertyValueSpecification\",\"valueRequired\":true,\"valueName\":\"search_term_string\"}}],\"inLanguage\":\"fr-FR\"},{\"@type\":\"Organization\",\"@id\":\"https:\/\/placeplume.com\/#organization\",\"name\":\"Place plume\",\"url\":\"https:\/\/placeplume.com\/\",\"logo\":{\"@type\":\"ImageObject\",\"inLanguage\":\"fr-FR\",\"@id\":\"https:\/\/placeplume.com\/#\/schema\/logo\/image\/\",\"url\":\"\",\"contentUrl\":\"\",\"caption\":\"Place plume\"},\"image\":{\"@id\":\"https:\/\/placeplume.com\/#\/schema\/logo\/image\/\"},\"sameAs\":[\"https:\/\/www.facebook.com\/placeplume21\",\"https:\/\/x.com\/place_plume\",\"https:\/\/www.instagram.com\/place_plume\/\",\"https:\/\/www.pinterest.fr\/place_plume\/_created\/\"]}]}<\/script>\n<!-- \/ Yoast SEO plugin. -->","yoast_head_json":{"title":"\u00c0 propos - Place plume","robots":{"index":"index","follow":"follow","max-snippet":"max-snippet:-1","max-image-preview":"max-image-preview:large","max-video-preview":"max-video-preview:-1"},"canonical":"https:\/\/placeplume.com\/index.php\/a-propos\/","og_locale":"fr_FR","og_type":"article","og_title":"\u00c0 propos - Place plume","og_description":"Qui suis-je ? \u00c0 propos de Place plume ! Je suis Cl\u00e9mence, une amoureuse d&#8217;histoire de l&#8217;art et d&#8217;arch\u00e9ologie qui a d\u00e9croch\u00e9 son doctorat en 2021 \u00e0 l&#8217;Universit\u00e9 de Tours. Aujourd&#8217;hui, je suis \u00e9galement conf\u00e9renci\u00e8re et blogueuse \u00e0 mes heures. J&#8217;anime depuis deux ans le blog Place Plume, o\u00f9 je partage avec enthousiasme plein de [&hellip;]","og_url":"https:\/\/placeplume.com\/index.php\/a-propos\/","og_site_name":"Place plume","article_publisher":"https:\/\/www.facebook.com\/placeplume21","article_modified_time":"2025-03-06T17:01:30+00:00","og_image":[{"width":945,"height":1260,"url":"https:\/\/placeplume.com\/wp-content\/uploads\/2025\/03\/menus_du_mois-edited.jpg","type":"image\/jpeg"}],"twitter_card":"summary_large_image","twitter_site":"@place_plume","twitter_misc":{"Dur\u00e9e de lecture estim\u00e9e":"2 minutes"},"schema":{"@context":"https:\/\/schema.org","@graph":[{"@type":"WebPage","@id":"https:\/\/placeplume.com\/index.php\/a-propos\/","url":"https:\/\/placeplume.com\/index.php\/a-propos\/","name":"\u00c0 propos - Place plume","isPartOf":{"@id":"https:\/\/placeplume.com\/#website"},"primaryImageOfPage":{"@id":"https:\/\/placeplume.com\/index.php\/a-propos\/#primaryimage"},"image":{"@id":"https:\/\/placeplume.com\/index.php\/a-propos\/#primaryimage"},"thumbnailUrl":"https:\/\/placeplume.com\/wp-content\/uploads\/2025\/03\/menus_du_mois-edited.jpg","datePublished":"2024-10-09T11:38:13+00:00","dateModified":"2025-03-06T17:01:30+00:00","breadcrumb":{"@id":"https:\/\/placeplume.com\/index.php\/a-propos\/#breadcrumb"},"inLanguage":"fr-FR","potentialAction":[{"@type":"ReadAction","target":["https:\/\/placeplume.com\/index.php\/a-propos\/"]}]},{"@type":"ImageObject","inLanguage":"fr-FR","@id":"https:\/\/placeplume.com\/index.php\/a-propos\/#primaryimage","url":"https:\/\/placeplume.com\/wp-content\/uploads\/2025\/03\/menus_du_mois-edited.jpg","contentUrl":"https:\/\/placeplume.com\/wp-content\/uploads\/2025\/03\/menus_du_mois-edited.jpg","width":945,"height":1260,"caption":"Id\u00e9es de menus - planning - calendrier - plat - menus du mois"},{"@type":"BreadcrumbList","@id":"https:\/\/placeplume.com\/index.php\/a-propos\/#breadcrumb","itemListElement":[{"@type":"ListItem","position":1,"name":"Home","item":"https:\/\/placeplume.com\/"},{"@type":"ListItem","position":2,"name":"\u00c0 propos"}]},{"@type":"WebSite","@id":"https:\/\/placeplume.com\/#website","url":"https:\/\/placeplume.com\/","name":"Place plume","description":"","publisher":{"@id":"https:\/\/placeplume.com\/#organization"},"potentialAction":[{"@type":"SearchAction","target":{"@type":"EntryPoint","urlTemplate":"https:\/\/placeplume.com\/?s={search_term_string}"},"query-input":{"@type":"PropertyValueSpecification","valueRequired":true,"valueName":"search_term_string"}}],"inLanguage":"fr-FR"},{"@type":"Organization","@id":"https:\/\/placeplume.com\/#organization","name":"Place plume","url":"https:\/\/placeplume.com\/","logo":{"@type":"ImageObject","inLanguage":"fr-FR","@id":"https:\/\/placeplume.com\/#\/schema\/logo\/image\/","url":"","contentUrl":"","caption":"Place plume"},"image":{"@id":"https:\/\/placeplume.com\/#\/schema\/logo\/image\/"},"sameAs":["https:\/\/www.facebook.com\/placeplume21","https:\/\/x.com\/place_plume","https:\/\/www.instagram.com\/place_plume\/","https:\/\/www.pinterest.fr\/place_plume\/_created\/"]}]}},"_links":{"self":[{"href":"https:\/\/placeplume.com\/index.php\/wp-json\/wp\/v2\/pages\/18274","targetHints":{"allow":["GET"]}}],"collection":[{"href":"https:\/\/placeplume.com\/index.php\/wp-json\/wp\/v2\/pages"}],"about":[{"href":"https:\/\/placeplume.com\/index.php\/wp-json\/wp\/v2\/types\/page"}],"author":[{"embeddable":true,"href":"https:\/\/placeplume.com\/index.php\/wp-json\/wp\/v2\/users\/2"}],"replies":[{"embeddable":true,"href":"https:\/\/placeplume.com\/index.php\/wp-json\/wp\/v2\/comments?post=18274"}],"version-history":[{"count":25,"href":"https:\/\/placeplume.com\/index.php\/wp-json\/wp\/v2\/pages\/18274\/revisions"}],"predecessor-version":[{"id":19765,"href":"https:\/\/placeplume.com\/index.php\/wp-json\/wp\/v2\/pages\/18274\/revisions\/19765"}],"wp:attachment":[{"href":"https:\/\/placeplume.com\/index.php\/wp-json\/wp\/v2\/media?parent=18274"}],"curies":[{"name":"wp","href":"https:\/\/api.w.org\/{rel}","templated":true}]}}